{"id":17,"date":"2015-02-02T19:25:34","date_gmt":"2015-02-02T19:25:34","guid":{"rendered":"http:\/\/www.tashijomo.de\/wordpress\/?page_id=17"},"modified":"2017-08-20T20:33:40","modified_gmt":"2017-08-20T20:33:40","slug":"unsere-zucht","status":"publish","type":"page","link":"https:\/\/www.tashijomo.de\/?page_id=17","title":{"rendered":"Unsere Zucht"},"content":{"rendered":"<p style=\"text-align: center;\"><span style=\"text-decoration: underline;\">Kinder zu Besuch<\/span><\/p>\n<p style=\"text-align: center;\"><img loading=\"lazy\" decoding=\"async\" class=\"alignnone size-full wp-image-62\" src=\"http:\/\/www.tashijomo.de\/wp-content\/uploads\/2015\/02\/Homepa3.jpg\" alt=\"Homepa3\" width=\"600\" height=\"304\" srcset=\"https:\/\/www.tashijomo.de\/wp-content\/uploads\/2015\/02\/Homepa3.jpg 600w, https:\/\/www.tashijomo.de\/wp-content\/uploads\/2015\/02\/Homepa3-300x152.jpg 300w\" sizes=\"auto, (max-width: 600px) 100vw, 600px\" \/><br \/>\nv.l.n.r. Luise,&nbsp; Kim-shi,&nbsp; Shila,&nbsp; Pauline,&nbsp; Enja,&nbsp; Alisha,&nbsp; Yuppi<\/p>\n<p style=\"text-align: left;\"><big>Wir sind eine reine Tibet Terrier Liebhaberzucht und wollen unsere Tiere nur in liebevolle H\u00e4nde abgeben.<br \/>\nDeshalb ist uns ein pers\u00f6nlicher Kontakt vor Abgabe unserer Welpen wichtig. Nat\u00fcrlich stehen wir auch nach dem Kauf mit Rat und Tat zur Seite.<br \/>\nSelbstverst\u00e4ndlich&nbsp;sind wir als verantwortungsbewusste Z\u00fcchter Mitglied im <\/big><\/p>\n<p style=\"text-align: left;\"><img loading=\"lazy\" decoding=\"async\" class=\" wp-image-60 aligncenter\" src=\"http:\/\/www.tashijomo.de\/wp-content\/uploads\/2015\/02\/Logo.gif\" alt=\"Logo\" width=\"150\" height=\"144\"><\/p>\n<p style=\"text-align: left;\"><big>( Internationaler Klub f\u00fcr Tibetische Hunderassen e.V. )<\/big><\/p>\n","protected":false},"excerpt":{"rendered":"<p>Kinder zu Besuch v.l.n.r. Luise,&nbsp; Kim-shi,&nbsp; Shila,&nbsp; Pauline,&nbsp; Enja,&nbsp; Alisha,&nbsp; Yuppi Wir sind eine reine Tibet Terrier Liebhaberzucht und wollen unsere Tiere nur in liebevolle H\u00e4nde abgeben. Deshalb ist uns ein pers\u00f6nlicher Kontakt vor Abgabe unserer Welpen wichtig. Nat\u00fcrlich stehen wir auch nach dem Kauf mit Rat und Tat zur Seite. Selbstverst\u00e4ndlich&nbsp;sind wir als verantwortungsbewusste &hellip; <a href=\"https:\/\/www.tashijomo.de\/?page_id=17\" class=\"more-link\"><span class=\"screen-reader-text\">Unsere Zucht<\/span> weiterlesen<\/a><\/p>\n","protected":false},"author":1,"featured_media":0,"parent":0,"menu_order":1,"comment_status":"closed","ping_status":"closed","template":"","meta":{"ngg_post_thumbnail":0,"footnotes":""},"class_list":["post-17","page","type-page","status-publish","hentry"],"_links":{"self":[{"href":"https:\/\/www.tashijomo.de\/index.php?rest_route=\/wp\/v2\/pages\/17","targetHints":{"allow":["GET"]}}],"collection":[{"href":"https:\/\/www.tashijomo.de\/index.php?rest_route=\/wp\/v2\/pages"}],"about":[{"href":"https:\/\/www.tashijomo.de\/index.php?rest_route=\/wp\/v2\/types\/page"}],"author":[{"embeddable":true,"href":"https:\/\/www.tashijomo.de\/index.php?rest_route=\/wp\/v2\/users\/1"}],"replies":[{"embeddable":true,"href":"https:\/\/www.tashijomo.de\/index.php?rest_route=%2Fwp%2Fv2%2Fcomments&post=17"}],"version-history":[{"count":9,"href":"https:\/\/www.tashijomo.de\/index.php?rest_route=\/wp\/v2\/pages\/17\/revisions"}],"predecessor-version":[{"id":1280,"href":"https:\/\/www.tashijomo.de\/index.php?rest_route=\/wp\/v2\/pages\/17\/revisions\/1280"}],"wp:attachment":[{"href":"https:\/\/www.tashijomo.de\/index.php?rest_route=%2Fwp%2Fv2%2Fmedia&parent=17"}],"curies":[{"name":"wp","href":"https:\/\/api.w.org\/{rel}","templated":true}]}}