{"id":26,"date":"2015-02-02T19:28:28","date_gmt":"2015-02-02T19:28:28","guid":{"rendered":"http:\/\/www.tashijomo.de\/wordpress\/?page_id=26"},"modified":"2015-02-05T20:16:50","modified_gmt":"2015-02-05T20:16:50","slug":"ahnen-der-tibeter","status":"publish","type":"page","link":"https:\/\/www.tashijomo.de\/?page_id=26","title":{"rendered":"Ahnen der Tibeter"},"content":{"rendered":"<p style=\"text-align: center;\">\u00a0Reinkarnation &#8211; die Wiederverk\u00f6rperung oder Wiedergeburt der Seele nach dem Tod. In Tibet, dem Ursprungsland des Tibet Terriers ist der Glaube daran fest verankert<\/p>\n<p>Dort sieht man in dem Tibet Terrier die Wiederverk\u00f6rperung der toten Seelen. Niemals konnte man einen Tibet Terrier erwerben. Er war und ist etwas Besonderes. Es geh\u00f6rt eine besondere Tat oder ein gutes Werk dazu, einen Hund dieser Rasse als Pr\u00e4sent zu erhalten. Daher ist es auch nicht weiter erstaunlich, dass der Tibet Terrier seinen Weg aus Tibet vor erst gar nicht allzu langer Zeit fand. Und das, obwohl es ihn seit \u00fcber 2000 Jahren geben soll. Die Namensgebung Tibet Terrier ist ein wenig verwirrend. Der Namensteil \u201eTibet\u201c beschreibt seinen Ursprung. Aber der Teil \u201eTerrier\u201c ist nicht ganz nachvollziehbar, da er nicht zu den Terriern geh\u00f6rt.Zu Beginn des 20. Jahrhunderts nahm die englische \u00c4rztin Dr. Greig bei einer tibetischen Adligen einen chirurugischen Eingriff vor. Mit Erfolg! Diesen Erfolg nahm die Tibeterin zum Anlass, Dr. Greig einen Tibet Terrier als Dank zu \u00fcberreichen.<\/p>\n<p>Bereits zwei Jahre sp\u00e4ter hatte Dr. Greig mit der Zucht der Hunderasse in England begonnen. Zu Beginn der 30er Jahre des 20. Jahrhunderts wurde der Tibet Terrier in Indien als Hunderasse anerkannt. Zu uns nach Deutschland hat dieser temperamentvolle Hund erst in den Wirren des Zweiten Weltkrieges gefunden. Mittlerweile gibt es verschiedene Linien des Tibet Terriers. Die dreifarbigen Hunde dieser Rasse aus Frankreich erfreuen sich dabei besonderer Beliebtheit.<\/p>\n<p>An sie hat sogar Sophia Loren ihr Herz verloren!<\/p>\n<p><em> <strong> Typisch Tibet Terrier: Das Zottelfell <\/strong> <\/em><\/p>\n","protected":false},"excerpt":{"rendered":"<p>\u00a0Reinkarnation &#8211; die Wiederverk\u00f6rperung oder Wiedergeburt der Seele nach dem Tod. In Tibet, dem Ursprungsland des Tibet Terriers ist der Glaube daran fest verankert Dort sieht man in dem Tibet Terrier die Wiederverk\u00f6rperung der toten Seelen. Niemals konnte man einen Tibet Terrier erwerben. Er war und ist etwas Besonderes. Es geh\u00f6rt eine besondere Tat oder &hellip; <a href=\"https:\/\/www.tashijomo.de\/?page_id=26\" class=\"more-link\"><span class=\"screen-reader-text\">Ahnen der Tibeter<\/span> weiterlesen<\/a><\/p>\n","protected":false},"author":1,"featured_media":0,"parent":0,"menu_order":4,"comment_status":"closed","ping_status":"closed","template":"","meta":{"ngg_post_thumbnail":0,"footnotes":""},"class_list":["post-26","page","type-page","status-publish","hentry"],"_links":{"self":[{"href":"https:\/\/www.tashijomo.de\/index.php?rest_route=\/wp\/v2\/pages\/26","targetHints":{"allow":["GET"]}}],"collection":[{"href":"https:\/\/www.tashijomo.de\/index.php?rest_route=\/wp\/v2\/pages"}],"about":[{"href":"https:\/\/www.tashijomo.de\/index.php?rest_route=\/wp\/v2\/types\/page"}],"author":[{"embeddable":true,"href":"https:\/\/www.tashijomo.de\/index.php?rest_route=\/wp\/v2\/users\/1"}],"replies":[{"embeddable":true,"href":"https:\/\/www.tashijomo.de\/index.php?rest_route=%2Fwp%2Fv2%2Fcomments&post=26"}],"version-history":[{"count":3,"href":"https:\/\/www.tashijomo.de\/index.php?rest_route=\/wp\/v2\/pages\/26\/revisions"}],"predecessor-version":[{"id":70,"href":"https:\/\/www.tashijomo.de\/index.php?rest_route=\/wp\/v2\/pages\/26\/revisions\/70"}],"wp:attachment":[{"href":"https:\/\/www.tashijomo.de\/index.php?rest_route=%2Fwp%2Fv2%2Fmedia&parent=26"}],"curies":[{"name":"wp","href":"https:\/\/api.w.org\/{rel}","templated":true}]}}